{"id":908,"date":"2019-09-02T18:59:17","date_gmt":"2019-09-02T18:59:17","guid":{"rendered":"https:\/\/voyagetranslations.co.uk\/sectors-and-experience\/"},"modified":"2023-03-03T09:51:17","modified_gmt":"2023-03-03T08:51:17","slug":"specialisation-et-experience","status":"publish","type":"page","link":"https:\/\/voyagetranslations.co.uk\/fr\/specialisation-et-experience\/","title":{"rendered":"Sp\u00e9cialisation et exp\u00e9rience"},"content":{"rendered":"<div class=\"wpb-content-wrapper\"><p>[vc_row css=&#8221;.vc_custom_1567534104908{padding-bottom: 30px !important;}&#8221;][vc_column][ct_heading text=&#8221;Secteurs d\u2019activit\u00e9&#8221; text_below=&#8221;Secteurs d\u2019activit\u00e9&#8221; align_lg=&#8221;align-center&#8221; align_md=&#8221;align-center-md&#8221; align_sm=&#8221;align-center-sm&#8221; align_xs=&#8221;align-center-xs&#8221; font_weight=&#8221;&#8221; font_weight_sub=&#8221;&#8221; description=&#8221;Sur le long terme, collaborer avec une professionnelle qui conna\u00eet votre secteur sur le bout des doigts vous fera forc\u00e9ment gagner du temps et de l\u2019argent.<\/p>\n<p>Mes services de traduction s\u2019adressent exclusivement \u00e0 des industries tr\u00e8s cibl\u00e9es. Mes clients peuvent \u00eatre s\u00fbrs qu\u2019ils b\u00e9n\u00e9ficient de mon savoir-faire dans leur domaine.&#8221;][vc_empty_space height=&#8221;40px&#8221;][ct_button button_text=&#8221;VOTRE PROJET, ENSEMBLE&#8221; button_link=&#8221;url:https%3A%2F%2Fvoyagetranslations.co.uk%2Ffr%2Fcontactez-moi%2F|title:Contact&#8221; align_lg=&#8221;align-center&#8221; align_md=&#8221;align-center-md&#8221; align_sm=&#8221;align-center-sm&#8221; align_xs=&#8221;align-center-xs&#8221;][\/vc_column][\/vc_row][vc_row][vc_column][vc_row_inner css=&#8221;.vc_custom_1567496677405{margin-top: 20px !important;margin-right: 0px !important;margin-bottom: 20px !important;margin-left: 0px !important;padding-top: 0px !important;padding-right: 0px !important;padding-bottom: 0px !important;padding-left: 0px !important;background-color: #f4f7fc !important;}&#8221;][vc_column_inner width=&#8221;1\/2&#8243;][vc_single_image image=&#8221;1154&#8243; img_size=&#8221;full&#8221; onclick=&#8221;custom_link&#8221; link=&#8221;https:\/\/voyagetranslations.co.uk\/patisserie-and-culinary-translation\/&#8221;][\/vc_column_inner][vc_column_inner width=&#8221;1\/2&#8243; css=&#8221;.vc_custom_1567496801667{margin-right: 15px !important;margin-left: 15px !important;}&#8221;][ct_heading text=&#8221;Boulangerie et p\u00e2tisserie&#8221; font_weight=&#8221;&#8221; font_weight_sub=&#8221;&#8221;][vc_column_text css=&#8221;.vc_custom_1677833475614{padding-right: 10px !important;}&#8221;]Vous voulez un traducteur qui comprenne votre marque, et qui rien qu\u2019\u00e0 l\u2019\u0153il, sache faire la distinction entre un v\u00e9ritable millefeuille ou une p\u00e2le imitation.<\/p>\n<p>Les soi-disant millefeuilles produits en masse et vendus en supermarch\u00e9 au Royaume-Uni, par exemple. Rien \u00e0 voir avec le vrai millefeuille, amoureusement pr\u00e9par\u00e9 dans les r\u00e8gles de l\u2019art par les artisans-p\u00e2tissiers. Bien plus qu\u2019un dessert, c\u2019est avant tout une exp\u00e9rience gustative.<\/p>\n<p>En traduction culinaire, tout l\u2019art consiste \u00e0 trouver le juste \u00e9quilibre. Il s\u2019agit de faire passer le message sans pour autant compromettre son authenticit\u00e9.<\/p>\n<p>Que ce soit pour partager vos connaissances et votre expertise, ou pour mettre en valeur le sublime r\u00e9sultat de vos talents en p\u00e2tisserie, une exp\u00e9rience haut de gamme est digne d\u2019une traduction aussi inspir\u00e9e et all\u00e9chante que vos cr\u00e9ations.<\/p>\n<p><a href=\"https:\/\/voyagetranslations.co.uk\/fr\/traduction-culinaire-et-patisserie\/\">D\u00e9couvrez mes services de traduction en cuisine et p\u00e2tisserie.<\/a>[\/vc_column_text][\/vc_column_inner][\/vc_row_inner][vc_row_inner css=&#8221;.vc_custom_1567496677405{margin-top: 20px !important;margin-right: 0px !important;margin-bottom: 20px !important;margin-left: 0px !important;padding-top: 0px !important;padding-right: 0px !important;padding-bottom: 0px !important;padding-left: 0px !important;background-color: #f4f7fc !important;}&#8221;][vc_column_inner width=&#8221;1\/2&#8243; css=&#8221;.vc_custom_1567496801667{margin-right: 15px !important;margin-left: 15px !important;}&#8221;][ct_heading text=&#8221;Alimentation et boissons&#8221; font_weight=&#8221;&#8221; font_weight_sub=&#8221;&#8221;][vc_column_text css=&#8221;.vc_custom_1677235591133{padding-right: 10px !important;}&#8221;]L\u2019alimentation est intimement li\u00e9e \u00e0 la culture et aux traditions. Par cons\u00e9quent, tout peut varier consid\u00e9rablement d\u2019un pays \u00e0 l\u2019autre : l\u2019\u00e9quipement de cuisine, les ingr\u00e9dients disponibles, les unit\u00e9s de mesure, le descriptif des techniques culinaires, etc.<\/p>\n<p>Faites justice \u00e0 vos plats, vos ingr\u00e9dients, et vos recettes, avec de savoureuses traductions en anglais qui mettront tout autant en app\u00e9tit que dans la langue d\u2019origine.<\/p>\n<p>Avec des traductions pr\u00e9cises, claires, et attrayantes, votre produit ou votre service se vendront bient\u00f4t comme des petits pains.[\/vc_column_text][\/vc_column_inner][vc_column_inner width=&#8221;1\/2&#8243;][vc_single_image image=&#8221;782&#8243; img_size=&#8221;full&#8221;][\/vc_column_inner][\/vc_row_inner][vc_row_inner css=&#8221;.vc_custom_1567496677405{margin-top: 20px !important;margin-right: 0px !important;margin-bottom: 20px !important;margin-left: 0px !important;padding-top: 0px !important;padding-right: 0px !important;padding-bottom: 0px !important;padding-left: 0px !important;background-color: #f4f7fc !important;}&#8221;][vc_column_inner width=&#8221;1\/2&#8243;][vc_single_image image=&#8221;721&#8243; img_size=&#8221;full&#8221;][\/vc_column_inner][vc_column_inner width=&#8221;1\/2&#8243; css=&#8221;.vc_custom_1567496801667{margin-right: 15px !important;margin-left: 15px !important;}&#8221;][ct_heading text=&#8221;Marketing et SEO&#8221; font_weight=&#8221;&#8221; font_weight_sub=&#8221;&#8221;][vc_column_text css=&#8221;.vc_custom_1677235616480{padding-right: 10px !important;}&#8221;]Vous craignez qu\u2019une traduction ne fasse pas justice \u00e0 vos \u00e9crits, si soigneusement pr\u00e9par\u00e9s ?<\/p>\n<p>Vous avez consacr\u00e9 du temps, de l\u2019argent, et des efforts \u00e0 la r\u00e9daction de votre mat\u00e9riel marketing en vue d\u2019attirer votre march\u00e9 cible. Vous avez pris soin de rendre votre documentation engageante, voire d\u2019y placer quelques jeux de mots astucieux.<\/p>\n<p>Que faire si l\u2019ensemble vous para\u00eet intraduisible ? Heureusement pour vous, c\u2019est le type de gymnastique linguistique dont j\u2019ai l\u2019habitude.<\/p>\n<p>Les barri\u00e8res culturelles ne sont pas un probl\u00e8me. Je traduis toutes vos ressources, qu\u2019il s\u2019agisse de vos brochures, pr\u00e9sentations, infolettres, ou objectifs strat\u00e9giques, de mani\u00e8re \u00e0 ce que le texte en anglais r\u00e9sonne tout autant aupr\u00e8s de son public cible.<\/p>\n<p>Si vous avez besoin de traduire un site internet, je propose \u00e9galement un service de traduction de r\u00e9f\u00e9rencement, ou traduction SEO. N\u2019h\u00e9sitez pas \u00e0 me contacter pour de plus amples d\u00e9tails.[\/vc_column_text][\/vc_column_inner][\/vc_row_inner][vc_row_inner css=&#8221;.vc_custom_1567496677405{margin-top: 20px !important;margin-right: 0px !important;margin-bottom: 20px !important;margin-left: 0px !important;padding-top: 0px !important;padding-right: 0px !important;padding-bottom: 0px !important;padding-left: 0px !important;background-color: #f4f7fc !important;}&#8221;][vc_column_inner width=&#8221;1\/2&#8243; css=&#8221;.vc_custom_1567496823612{margin-right: 15px !important;margin-left: 15px !important;}&#8221;][ct_heading text=&#8221;Vins et \u0153nologie&#8221; font_weight=&#8221;&#8221; font_weight_sub=&#8221;&#8221;][vc_column_text css=&#8221;.vc_custom_1677235631552{padding-right: 10px !important;}&#8221;]Vous \u00e9voluez dans le milieu du vin et vous souhaitez des traductions fra\u00eeches et \u00e9l\u00e9gantes, qui coulent en bouche ? Ne cherchez pas plus loin. Gr\u00e2ce \u00e0 ma formation de traductrice dans le secteur du vin, et avec ma qualification WSET niveau 2, j\u2019apporterai toute la distinction et la finesse indispensables \u00e0 un \u00e9crit parfaitement \u00e9quilibr\u00e9 sur le vin. Une touche de cr\u00e9ativit\u00e9 viendra parfaire l\u2019ensemble.<\/p>\n<p>Que ce soit pour votre site internet, vos brochures, votre infolettre, vos \u00e9tiquettes de bouteille, vos textes marketing ou vos publicit\u00e9s, je donne du p\u00e9tillant \u00e0 votre marque.[\/vc_column_text][\/vc_column_inner][vc_column_inner width=&#8221;1\/2&#8243;][vc_single_image image=&#8221;2066&#8243; img_size=&#8221;full&#8221;][\/vc_column_inner][\/vc_row_inner][vc_row_inner css=&#8221;.vc_custom_1567496677405{margin-top: 20px !important;margin-right: 0px !important;margin-bottom: 20px !important;margin-left: 0px !important;padding-top: 0px !important;padding-right: 0px !important;padding-bottom: 0px !important;padding-left: 0px !important;background-color: #f4f7fc !important;}&#8221;][vc_column_inner width=&#8221;1\/2&#8243;][vc_single_image image=&#8221;2009&#8243; img_size=&#8221;full&#8221;][\/vc_column_inner][vc_column_inner width=&#8221;1\/2&#8243; css=&#8221;.vc_custom_1567496823612{margin-right: 15px !important;margin-left: 15px !important;}&#8221;][ct_heading text=&#8221;Voyages et tourisme&#8221; font_weight=&#8221;&#8221; font_weight_sub=&#8221;&#8221;][vc_column_text css=&#8221;.vc_custom_1677235647288{padding-right: 10px !important;}&#8221;]Attirez les foules en pr\u00e9sentant vos destinations de r\u00eave dans un anglais attrayant.<\/p>\n<p>Je traduis des guides de voyage, des sites internet, des brochures, et tout ce qui peut aider les visiteurs \u00e0 faire leur choix parmi les multiples activit\u00e9s mises \u00e0 leur disposition.<\/p>\n<p>Avec des traductions aussi soign\u00e9es que votre texte, vous s\u00e9duirez des voyageurs de tous les horizons.[\/vc_column_text][\/vc_column_inner][\/vc_row_inner][vc_row_inner disable_element=&#8221;yes&#8221; css=&#8221;.vc_custom_1677233857597{margin-top: 20px !important;margin-right: 0px !important;margin-bottom: 20px !important;margin-left: 0px !important;padding-top: 0px !important;padding-right: 0px !important;padding-bottom: 0px !important;padding-left: 0px !important;background-color: #f4f7fc !important;}&#8221;][vc_column_inner width=&#8221;1\/2&#8243; css=&#8221;.vc_custom_1567496823612{margin-right: 15px !important;margin-left: 15px !important;}&#8221;][ct_heading text=&#8221;Skiing&#8221; font_weight=&#8221;&#8221; font_weight_sub=&#8221;&#8221;][vc_column_text css=&#8221;.vc_custom_1677233805808{padding-right: 10px !important;}&#8221;]Is finding a specialist ski translator an uphill struggle? Well, you&#8217;re in the right place.<\/p>\n<p>Having spent a whole season and many holidays on the slopes, I carve out translations that are as fresh as your copy.<\/p>\n<p>Whether you\u2019re releasing new equipment or keeping skiers informed of the latest avalanche safety tips, I&#8217;ll make the translation process as smooth as gliding through powder.<\/p>\n<p><a href=\"https:\/\/voyagetranslations.co.uk\/ski-translation\/\">Find out more about ski translation.<\/a>[\/vc_column_text][\/vc_column_inner][vc_column_inner width=&#8221;1\/2&#8243;][vc_single_image image=&#8221;2012&#8243; img_size=&#8221;full&#8221;][\/vc_column_inner][\/vc_row_inner][vc_row_inner css=&#8221;.vc_custom_1677233728131{margin-top: 20px !important;margin-right: 0px !important;margin-bottom: 20px !important;margin-left: 0px !important;padding-top: 0px !important;padding-right: 0px !important;padding-bottom: 0px !important;padding-left: 0px !important;background-color: #f4f7fc !important;}&#8221;][vc_column_inner width=&#8221;1\/2&#8243; css=&#8221;.vc_custom_1567496823612{margin-right: 15px !important;margin-left: 15px !important;}&#8221;][ct_heading text=&#8221;Traductions certifi\u00e9es&#8221; font_weight=&#8221;&#8221; font_weight_sub=&#8221;&#8221;][vc_column_text css=&#8221;.vc_custom_1677235674964{padding-right: 10px !important;}&#8221;]Qui n\u2019a jamais eu \u00e0 naviguer dans les arcanes de la paperasserie administrative ? L\u2019exp\u00e9rience peut quelquefois s\u2019av\u00e9rer stressante.<\/p>\n<p>N\u2019ayez crainte, je vous simplifie la vie gr\u00e2ce \u00e0 un service expert de traduction \u00e0 port\u00e9e de main. Je prends soin de vos documents en toute confiance. Et voil\u00e0, le probl\u00e8me est r\u00e9gl\u00e9 !<\/p>\n<p>Mes traductions certifi\u00e9es sont accompagn\u00e9es d\u2019une page de garde qui comporte toutes les mentions requises, ainsi que la d\u00e9claration sign\u00e9e sous serment et le sceau de l\u2019ITI.<\/p>\n<p>Je traduis r\u00e9guli\u00e8rement les documents suivants :<\/p>\n<ul>\n<li>Actes de naissance<\/li>\n<li>Actes de d\u00e9c\u00e8s<\/li>\n<li>Actes de mariage<\/li>\n<li>Certificats de divorce<\/li>\n<li>Casiers judiciaires<\/li>\n<li>Permis de conduire<\/li>\n<\/ul>\n<p>[\/vc_column_text][\/vc_column_inner][vc_column_inner width=&#8221;1\/2&#8243;][vc_single_image image=&#8221;705&#8243; img_size=&#8221;full&#8221;][\/vc_column_inner][\/vc_row_inner][vc_empty_space height=&#8221;40px&#8221;][vc_column_text]<\/p>\n<p style=\"text-align: center;\">Vous \u00eates pr\u00eats \u00e0 tenter l\u2019aventure ?<\/p>\n<p style=\"text-align: center;\">Ou peut-\u00eatre vous faut-il de l\u2019aide pour une traduction qui ne rentre pas exactement dans l\u2019une de ces cat\u00e9gories ?<br \/>\nN\u2019h\u00e9sitez pas\u00a0! Envoyez-moi simplement un email avec les grandes lignes de votre projet.<br \/>\nSi je ne suis pas la personne id\u00e9ale pour vous, je vous orienterai bien volontiers sur un(e) coll\u00e8gue qui aura l\u2019expertise ad\u00e9quate pour vous aider.<\/p>\n<p>[\/vc_column_text][ct_button button_text=&#8221;CONTACTEZ-MOI&#8221; button_link=&#8221;url:https%3A%2F%2Fvoyagetranslations.co.uk%2Ffr%2Fcontactez-moi%2F|title:Contact&#8221; button_style=&#8221;btn-secondary&#8221; align_lg=&#8221;align-center&#8221; align_md=&#8221;align-center-md&#8221; align_sm=&#8221;align-center-sm&#8221; align_xs=&#8221;align-center-xs&#8221;][vc_empty_space height=&#8221;90px&#8221;][\/vc_column][vc_column][\/vc_column][\/vc_row]<\/p>\n<\/div>","protected":false},"excerpt":{"rendered":"<p>[vc_row css=&#8221;.vc_custom_1567534104908{padding-bottom: 30px !important;}&#8221;][vc_column][ct_heading text=&#8221;Secteurs d\u2019activit\u00e9&#8221; text_below=&#8221;Secteurs d\u2019activit\u00e9&#8221; align_lg=&#8221;align-center&#8221; align_md=&#8221;align-center-md&#8221; align_sm=&#8221;align-center-sm&#8221; align_xs=&#8221;align-center-xs&#8221; font_weight=&#8221;&#8221; font_weight_sub=&#8221;&#8221; description=&#8221;Sur le long terme, collaborer avec une professionnelle qui conna\u00eet votre secteur sur le bout des doigts vous fera forc\u00e9ment gagner du temps et de l\u2019argent. Mes services de traduction s\u2019adressent exclusivement \u00e0 des industries tr\u00e8s cibl\u00e9es. Mes clients peuvent \u00eatre [&hellip;]<\/p>\n","protected":false},"author":1,"featured_media":0,"parent":0,"menu_order":0,"comment_status":"closed","ping_status":"closed","template":"","meta":{"nf_dc_page":"","_vp_format_video_url":"","_vp_image_focal_point":[],"footnotes":""},"class_list":["post-908","page","type-page","status-publish","hentry"],"yoast_head":"<!-- This site is optimized with the Yoast SEO plugin v27.4 - https:\/\/yoast.com\/product\/yoast-seo-wordpress\/ -->\n<title>Sp\u00e9cialisation et exp\u00e9rience - Stephanie Martinez-Hill<\/title>\n<meta name=\"robots\" content=\"index, follow, max-snippet:-1, max-image-preview:large, max-video-preview:-1\" \/>\n<link rel=\"canonical\" href=\"https:\/\/voyagetranslations.co.uk\/fr\/specialisation-et-experience\/\" \/>\n<meta property=\"og:locale\" content=\"fr_FR\" \/>\n<meta property=\"og:type\" content=\"article\" \/>\n<meta property=\"og:title\" content=\"Sp\u00e9cialisation et exp\u00e9rience - Stephanie Martinez-Hill\" \/>\n<meta property=\"og:description\" content=\"[vc_row css=&#8221;.vc_custom_1567534104908{padding-bottom: 30px !important;}&#8221;][vc_column][ct_heading text=&#8221;Secteurs d\u2019activit\u00e9&#8221; text_below=&#8221;Secteurs d\u2019activit\u00e9&#8221; align_lg=&#8221;align-center&#8221; align_md=&#8221;align-center-md&#8221; align_sm=&#8221;align-center-sm&#8221; align_xs=&#8221;align-center-xs&#8221; font_weight=&#8221;&#8221; font_weight_sub=&#8221;&#8221; description=&#8221;Sur le long terme, collaborer avec une professionnelle qui conna\u00eet votre secteur sur le bout des doigts vous fera forc\u00e9ment gagner du temps et de l\u2019argent. Mes services de traduction s\u2019adressent exclusivement \u00e0 des industries tr\u00e8s cibl\u00e9es. Mes clients peuvent \u00eatre [&hellip;]\" \/>\n<meta property=\"og:url\" content=\"https:\/\/voyagetranslations.co.uk\/fr\/specialisation-et-experience\/\" \/>\n<meta property=\"og:site_name\" content=\"Stephanie Martinez-Hill\" \/>\n<meta property=\"article:modified_time\" content=\"2023-03-03T08:51:17+00:00\" \/>\n<meta name=\"twitter:card\" content=\"summary_large_image\" \/>\n<meta name=\"twitter:label1\" content=\"Dur\u00e9e de lecture estim\u00e9e\" \/>\n\t<meta name=\"twitter:data1\" content=\"5 minutes\" \/>\n<script type=\"application\/ld+json\" class=\"yoast-schema-graph\">{\"@context\":\"https:\\\/\\\/schema.org\",\"@graph\":[{\"@type\":\"WebPage\",\"@id\":\"https:\\\/\\\/voyagetranslations.co.uk\\\/fr\\\/specialisation-et-experience\\\/\",\"url\":\"https:\\\/\\\/voyagetranslations.co.uk\\\/fr\\\/specialisation-et-experience\\\/\",\"name\":\"Sp\u00e9cialisation et exp\u00e9rience - Stephanie Martinez-Hill\",\"isPartOf\":{\"@id\":\"https:\\\/\\\/voyagetranslations.co.uk\\\/#website\"},\"datePublished\":\"2019-09-02T18:59:17+00:00\",\"dateModified\":\"2023-03-03T08:51:17+00:00\",\"breadcrumb\":{\"@id\":\"https:\\\/\\\/voyagetranslations.co.uk\\\/fr\\\/specialisation-et-experience\\\/#breadcrumb\"},\"inLanguage\":\"fr-FR\",\"potentialAction\":[{\"@type\":\"ReadAction\",\"target\":[\"https:\\\/\\\/voyagetranslations.co.uk\\\/fr\\\/specialisation-et-experience\\\/\"]}]},{\"@type\":\"BreadcrumbList\",\"@id\":\"https:\\\/\\\/voyagetranslations.co.uk\\\/fr\\\/specialisation-et-experience\\\/#breadcrumb\",\"itemListElement\":[{\"@type\":\"ListItem\",\"position\":1,\"name\":\"Home\",\"item\":\"https:\\\/\\\/voyagetranslations.co.uk\\\/fr\\\/\"},{\"@type\":\"ListItem\",\"position\":2,\"name\":\"Sp\u00e9cialisation et exp\u00e9rience\"}]},{\"@type\":\"WebSite\",\"@id\":\"https:\\\/\\\/voyagetranslations.co.uk\\\/#website\",\"url\":\"https:\\\/\\\/voyagetranslations.co.uk\\\/\",\"name\":\"Stephanie Martinez-Hill\",\"description\":\"Voyage Translations\",\"potentialAction\":[{\"@type\":\"SearchAction\",\"target\":{\"@type\":\"EntryPoint\",\"urlTemplate\":\"https:\\\/\\\/voyagetranslations.co.uk\\\/?s={search_term_string}\"},\"query-input\":{\"@type\":\"PropertyValueSpecification\",\"valueRequired\":true,\"valueName\":\"search_term_string\"}}],\"inLanguage\":\"fr-FR\"}]}<\/script>\n<!-- \/ Yoast SEO plugin. -->","yoast_head_json":{"title":"Sp\u00e9cialisation et exp\u00e9rience - Stephanie Martinez-Hill","robots":{"index":"index","follow":"follow","max-snippet":"max-snippet:-1","max-image-preview":"max-image-preview:large","max-video-preview":"max-video-preview:-1"},"canonical":"https:\/\/voyagetranslations.co.uk\/fr\/specialisation-et-experience\/","og_locale":"fr_FR","og_type":"article","og_title":"Sp\u00e9cialisation et exp\u00e9rience - Stephanie Martinez-Hill","og_description":"[vc_row css=&#8221;.vc_custom_1567534104908{padding-bottom: 30px !important;}&#8221;][vc_column][ct_heading text=&#8221;Secteurs d\u2019activit\u00e9&#8221; text_below=&#8221;Secteurs d\u2019activit\u00e9&#8221; align_lg=&#8221;align-center&#8221; align_md=&#8221;align-center-md&#8221; align_sm=&#8221;align-center-sm&#8221; align_xs=&#8221;align-center-xs&#8221; font_weight=&#8221;&#8221; font_weight_sub=&#8221;&#8221; description=&#8221;Sur le long terme, collaborer avec une professionnelle qui conna\u00eet votre secteur sur le bout des doigts vous fera forc\u00e9ment gagner du temps et de l\u2019argent. Mes services de traduction s\u2019adressent exclusivement \u00e0 des industries tr\u00e8s cibl\u00e9es. Mes clients peuvent \u00eatre [&hellip;]","og_url":"https:\/\/voyagetranslations.co.uk\/fr\/specialisation-et-experience\/","og_site_name":"Stephanie Martinez-Hill","article_modified_time":"2023-03-03T08:51:17+00:00","twitter_card":"summary_large_image","twitter_misc":{"Dur\u00e9e de lecture estim\u00e9e":"5 minutes"},"schema":{"@context":"https:\/\/schema.org","@graph":[{"@type":"WebPage","@id":"https:\/\/voyagetranslations.co.uk\/fr\/specialisation-et-experience\/","url":"https:\/\/voyagetranslations.co.uk\/fr\/specialisation-et-experience\/","name":"Sp\u00e9cialisation et exp\u00e9rience - Stephanie Martinez-Hill","isPartOf":{"@id":"https:\/\/voyagetranslations.co.uk\/#website"},"datePublished":"2019-09-02T18:59:17+00:00","dateModified":"2023-03-03T08:51:17+00:00","breadcrumb":{"@id":"https:\/\/voyagetranslations.co.uk\/fr\/specialisation-et-experience\/#breadcrumb"},"inLanguage":"fr-FR","potentialAction":[{"@type":"ReadAction","target":["https:\/\/voyagetranslations.co.uk\/fr\/specialisation-et-experience\/"]}]},{"@type":"BreadcrumbList","@id":"https:\/\/voyagetranslations.co.uk\/fr\/specialisation-et-experience\/#breadcrumb","itemListElement":[{"@type":"ListItem","position":1,"name":"Home","item":"https:\/\/voyagetranslations.co.uk\/fr\/"},{"@type":"ListItem","position":2,"name":"Sp\u00e9cialisation et exp\u00e9rience"}]},{"@type":"WebSite","@id":"https:\/\/voyagetranslations.co.uk\/#website","url":"https:\/\/voyagetranslations.co.uk\/","name":"Stephanie Martinez-Hill","description":"Voyage Translations","potentialAction":[{"@type":"SearchAction","target":{"@type":"EntryPoint","urlTemplate":"https:\/\/voyagetranslations.co.uk\/?s={search_term_string}"},"query-input":{"@type":"PropertyValueSpecification","valueRequired":true,"valueName":"search_term_string"}}],"inLanguage":"fr-FR"}]}},"_links":{"self":[{"href":"https:\/\/voyagetranslations.co.uk\/fr\/wp-json\/wp\/v2\/pages\/908","targetHints":{"allow":["GET"]}}],"collection":[{"href":"https:\/\/voyagetranslations.co.uk\/fr\/wp-json\/wp\/v2\/pages"}],"about":[{"href":"https:\/\/voyagetranslations.co.uk\/fr\/wp-json\/wp\/v2\/types\/page"}],"author":[{"embeddable":true,"href":"https:\/\/voyagetranslations.co.uk\/fr\/wp-json\/wp\/v2\/users\/1"}],"replies":[{"embeddable":true,"href":"https:\/\/voyagetranslations.co.uk\/fr\/wp-json\/wp\/v2\/comments?post=908"}],"version-history":[{"count":5,"href":"https:\/\/voyagetranslations.co.uk\/fr\/wp-json\/wp\/v2\/pages\/908\/revisions"}],"predecessor-version":[{"id":2497,"href":"https:\/\/voyagetranslations.co.uk\/fr\/wp-json\/wp\/v2\/pages\/908\/revisions\/2497"}],"wp:attachment":[{"href":"https:\/\/voyagetranslations.co.uk\/fr\/wp-json\/wp\/v2\/media?parent=908"}],"curies":[{"name":"wp","href":"https:\/\/api.w.org\/{rel}","templated":true}]}}