{"id":952,"date":"2019-09-02T18:59:17","date_gmt":"2019-09-02T18:59:17","guid":{"rendered":"https:\/\/voyagetranslations.co.uk\/sectors-and-experience\/"},"modified":"2020-03-24T14:01:46","modified_gmt":"2020-03-24T14:01:46","slug":"sectores-y-experiencia","status":"publish","type":"page","link":"https:\/\/voyagetranslations.co.uk\/es\/sectores-y-experiencia\/","title":{"rendered":"Sectores y experiencia"},"content":{"rendered":"<div class=\"wpb-content-wrapper\"><p>[vc_row css=&#8221;.vc_custom_1567534104908{padding-bottom: 30px !important;}&#8221;][vc_column][ct_heading text=&#8221;Sectores y experiencia&#8221; text_below=&#8221;Sectores&#8221; align_lg=&#8221;align-center&#8221; align_md=&#8221;align-center-md&#8221; align_sm=&#8221;align-center-sm&#8221; align_xs=&#8221;align-center-xs&#8221; font_weight=&#8221;&#8221; description=&#8221;Trabaje con un profesional que conozca perfectamente su sector y se ahorrar\u00e1 tiempo y dinero a largo plazo.&#8221;][vc_empty_space height=&#8221;40px&#8221;][ct_button button_text=&#8221;Trabaje conmigo&#8221; button_link=&#8221;url:https%3A%2F%2Fvoyagetranslations.co.uk%2Fes%2Fcontacto%2F|title:Contact||&#8221; align_lg=&#8221;align-center&#8221; align_md=&#8221;align-center-md&#8221; align_sm=&#8221;align-center-sm&#8221; align_xs=&#8221;align-center-xs&#8221;][vc_empty_space height=&#8221;40px&#8221;][vc_column_text]Llevo traduciendo profesionalmente desde 2009 en una variedad de sectores.<br \/>\nMe especializo en lo siguiente:[\/vc_column_text][\/vc_column][\/vc_row][vc_row][vc_column][vc_row_inner css=&#8221;.vc_custom_1567496677405{margin-top: 20px !important;margin-right: 0px !important;margin-bottom: 20px !important;margin-left: 0px !important;padding-top: 0px !important;padding-right: 0px !important;padding-bottom: 0px !important;padding-left: 0px !important;background-color: #f4f7fc !important;}&#8221;][vc_column_inner width=&#8221;1\/2&#8243;][vc_single_image image=&#8221;721&#8243; img_size=&#8221;full&#8221;][\/vc_column_inner][vc_column_inner width=&#8221;1\/2&#8243; css=&#8221;.vc_custom_1567496801667{margin-right: 15px !important;margin-left: 15px !important;}&#8221;][ct_heading text=&#8221;Marketing&#8221; font_weight=&#8221;&#8221;][vc_column_text css=&#8221;.vc_custom_1569865050881{padding-right: 10px !important;}&#8221;]Colaboro con usted para transmitir su mensaje a sus clientes potenciales de manera clara y fluida. Mi trabajo reciente incluye lo siguiente:<\/p>\n<ul>\n<li>Contenido de marketing para los sitios web de empresas ferroviarias<\/li>\n<li>Presentaciones de diapositivas publicitarias para empresas<\/li>\n<li>Material de marketing para un evento para empresas creativas celebrado en Montreal<\/li>\n<\/ul>\n<p>[\/vc_column_text][\/vc_column_inner][\/vc_row_inner][vc_row_inner css=&#8221;.vc_custom_1567496677405{margin-top: 20px !important;margin-right: 0px !important;margin-bottom: 20px !important;margin-left: 0px !important;padding-top: 0px !important;padding-right: 0px !important;padding-bottom: 0px !important;padding-left: 0px !important;background-color: #f4f7fc !important;}&#8221;][vc_column_inner width=&#8221;1\/2&#8243; css=&#8221;.vc_custom_1567496823612{margin-right: 15px !important;margin-left: 15px !important;}&#8221;][ct_heading text=&#8221;Alimentaci\u00f3n y bebidas&#8221; font_weight=&#8221;&#8221;][vc_column_text css=&#8221;.vc_custom_1569865068218{padding-right: 10px !important;}&#8221;]Mi experiencia abarca todo tipo de alimentos, desde caramelos hasta productos salados m\u00e1s complejos. Tanto si se trata de la elaboraci\u00f3n de un producto como de una receta o material de marketing, puede dejarlo en mis manos.[\/vc_column_text][\/vc_column_inner][vc_column_inner width=&#8221;1\/2&#8243;][vc_single_image image=&#8221;782&#8243; img_size=&#8221;full&#8221;][\/vc_column_inner][\/vc_row_inner][vc_row_inner css=&#8221;.vc_custom_1567496677405{margin-top: 20px !important;margin-right: 0px !important;margin-bottom: 20px !important;margin-left: 0px !important;padding-top: 0px !important;padding-right: 0px !important;padding-bottom: 0px !important;padding-left: 0px !important;background-color: #f4f7fc !important;}&#8221;][vc_column_inner width=&#8221;1\/2&#8243;][vc_single_image image=&#8221;1156&#8243; img_size=&#8221;full&#8221;][\/vc_column_inner][vc_column_inner width=&#8221;1\/2&#8243; css=&#8221;.vc_custom_1567496823612{margin-right: 15px !important;margin-left: 15px !important;}&#8221;][ct_heading text=&#8221;Panader\u00eda y reposter\u00eda&#8221; font_weight=&#8221;&#8221;][vc_column_text css=&#8221;.vc_custom_1569865082857{padding-right: 10px !important;}&#8221;]Me encanta la reposter\u00eda, de modo que conozco a la perfecci\u00f3n el lenguaje ideal para plasmar sus delicias culinarias. Tanto si se trata de una receta como de un sitio web o de material de marketing, puedo convertir su exquisito contenido en deliciosas traducciones para sus clientes.[\/vc_column_text][\/vc_column_inner][\/vc_row_inner][vc_row_inner css=&#8221;.vc_custom_1567496677405{margin-top: 20px !important;margin-right: 0px !important;margin-bottom: 20px !important;margin-left: 0px !important;padding-top: 0px !important;padding-right: 0px !important;padding-bottom: 0px !important;padding-left: 0px !important;background-color: #f4f7fc !important;}&#8221;][vc_column_inner width=&#8221;1\/2&#8243; css=&#8221;.vc_custom_1567496823612{margin-right: 15px !important;margin-left: 15px !important;}&#8221;][ct_heading text=&#8221;Traducciones vin\u00edcolas para satisfacer el paladar&#8221; font_weight=&#8221;&#8221;][vc_column_text css=&#8221;.vc_custom_1569865116770{padding-right: 10px !important;}&#8221;]Fue durante mi viaje a Mendoza cuando me interes\u00e9 por primera vez por las catas de vinos, los vi\u00f1edos y el proceso de la elaboraci\u00f3n del vino. Ahora no puedo evitar pasarme por un vi\u00f1edo cada vez que voy de viaje, e incluso dentro del Reino Unido. Si desea promocionar su vino o sus vi\u00f1edos en el mercado angloparlante, p\u00f3ngase en contacto conmigo.<br \/>\nEstos son algunos ejemplos de lo que puedo traducir para su empresa:<\/p>\n<ul>\n<li>Sitios web<\/li>\n<li>Recetas<\/li>\n<li>Men\u00fas<\/li>\n<li>Folletos<\/li>\n<li>Boletines de noticias<\/li>\n<li>Documentos de marketing y publicidad<\/li>\n<li>Etiquetas de vinos<\/li>\n<li>Descripciones de alimentos y bebidas para sitios web<\/li>\n<li>Recetas, incluidos los productos vendidos por la empresa<\/li>\n<li>Informaci\u00f3n sobre los productos alimenticios y su origen<\/li>\n<\/ul>\n<p>[\/vc_column_text][\/vc_column_inner][vc_column_inner width=&#8221;1\/2&#8243;][vc_single_image image=&#8221;864&#8243; img_size=&#8221;full&#8221;][\/vc_column_inner][\/vc_row_inner][vc_row_inner css=&#8221;.vc_custom_1567496677405{margin-top: 20px !important;margin-right: 0px !important;margin-bottom: 20px !important;margin-left: 0px !important;padding-top: 0px !important;padding-right: 0px !important;padding-bottom: 0px !important;padding-left: 0px !important;background-color: #f4f7fc !important;}&#8221;][vc_column_inner width=&#8221;1\/2&#8243;][vc_single_image image=&#8221;786&#8243; img_size=&#8221;full&#8221;][\/vc_column_inner][vc_column_inner width=&#8221;1\/2&#8243; css=&#8221;.vc_custom_1567496823612{margin-right: 15px !important;margin-left: 15px !important;}&#8221;][ct_heading text=&#8221;Desarrollo internacional&#8221; font_weight=&#8221;&#8221;][vc_column_text css=&#8221;.vc_custom_1569865158494{padding-right: 10px !important;}&#8221;]Comenc\u00e9 a interesarme por el desarrollo internacional en 2007, cuando trabaj\u00e9 dos meses de voluntaria en una peque\u00f1a comunidad tribal de Costa Rica. La familia con la que estuve ten\u00eda una granja org\u00e1nica y deseaba diversificar sus ingresos, de modo que trabaj\u00e9 con ellos para promover el turismo a la zona y permitirles compartir su estilo de vida, como el proceso de elaboraci\u00f3n de chocolate, la pesca y la agricultura. Produje material de marketing en ingl\u00e9s para atraer a los turistas y ayudarles a obtener m\u00e1s ingresos.<\/p>\n<p>Desde entonces, he tenido la oportunidad de utilizar mis habilidades de traductora en el campo del desarrollo internacional con frecuencia. Un ejemplo de dicho trabajo consiste en concienciar al p\u00fablico de varios proyectos financiados por la UE bajo el \u00e1mbito del proyecto Direct Action for Women: Reform Inclusion and Confidence en el L\u00edbano. El objetivo de estos proyectos es capacitar a las mujeres y ayudarlas a integrarse m\u00e1s en la vida p\u00fablica, lo que a su vez les permite combatir la pobreza y lograr la igualdad de g\u00e9nero. Los estudios de caso que traduje me ayudaron a transmitir el mensaje de c\u00f3mo estas mujeres han podido superar la adversidad y dar un cambio radical no solo a sus vidas, sino tambi\u00e9n a las de sus familias y comunidades.<\/p>\n<p>Si tiene alguna causa que pueda respaldar con mis traducciones, p\u00f3ngase en contacto conmigo ya mismo.<\/p>\n<p>Mi trabajo reciente incluye lo siguiente:<\/p>\n<ul>\n<li>Folleto sobre j\u00f3venes que trabajan en el sector agr\u00edcola en \u00c1frica<\/li>\n<li>Boletines de noticias sobre nuevos enfoques de desarrollo sostenible<\/li>\n<li>Estudios de caso sobre c\u00f3mo el proyecto financiado por la UE Direct Action for Women: Reform Inclusion and Confidence ha mejorado las vidas de los habitantes del L\u00edbano<\/li>\n<\/ul>\n<p>[\/vc_column_text][\/vc_column_inner][\/vc_row_inner][vc_row_inner css=&#8221;.vc_custom_1567496677405{margin-top: 20px !important;margin-right: 0px !important;margin-bottom: 20px !important;margin-left: 0px !important;padding-top: 0px !important;padding-right: 0px !important;padding-bottom: 0px !important;padding-left: 0px !important;background-color: #f4f7fc !important;}&#8221;][vc_column_inner width=&#8221;1\/2&#8243; css=&#8221;.vc_custom_1567496823612{margin-right: 15px !important;margin-left: 15px !important;}&#8221;][ct_heading text=&#8221;Certificados&#8221; font_weight=&#8221;&#8221;][vc_column_text css=&#8221;.vc_custom_1569865334230{padding-right: 10px !important;}&#8221;]Puedo traducir gran variedad de certificados e incluir el sello del Instituto de Traducci\u00f3n e Interpretaci\u00f3n (ITI) del Reino Unido en caso necesario, para traducciones de espa\u00f1ol a ingl\u00e9s. Algunos de los certificados que he traducido recientemente incluyen los siguientes:<\/p>\n<ul>\n<li>Actas de matrimonio<\/li>\n<li>Partidas de defunci\u00f3n<\/li>\n<li>Actas de divorcio<\/li>\n<li>Partidas de nacimiento<\/li>\n<li>Carn\u00e9s de conducir<\/li>\n<\/ul>\n<p>[\/vc_column_text][\/vc_column_inner][vc_column_inner width=&#8221;1\/2&#8243;][vc_single_image image=&#8221;705&#8243; img_size=&#8221;full&#8221;][\/vc_column_inner][\/vc_row_inner][vc_empty_space height=&#8221;40px&#8221;][ct_button button_text=&#8221;Trabaje conmigo&#8221; button_link=&#8221;url:https%3A%2F%2Fvoyagetranslations.co.uk%2Fes%2Fcontacto%2F|title:Contact||&#8221; button_style=&#8221;btn-secondary&#8221; align_lg=&#8221;align-center&#8221; align_md=&#8221;align-center-md&#8221; align_sm=&#8221;align-center-sm&#8221; align_xs=&#8221;align-center-xs&#8221;][vc_empty_space height=&#8221;90px&#8221;][\/vc_column][\/vc_row]<\/p>\n<\/div>","protected":false},"excerpt":{"rendered":"<p>[vc_row css=&#8221;.vc_custom_1567534104908{padding-bottom: 30px !important;}&#8221;][vc_column][ct_heading text=&#8221;Sectores y experiencia&#8221; text_below=&#8221;Sectores&#8221; align_lg=&#8221;align-center&#8221; align_md=&#8221;align-center-md&#8221; align_sm=&#8221;align-center-sm&#8221; align_xs=&#8221;align-center-xs&#8221; font_weight=&#8221;&#8221; description=&#8221;Trabaje con un profesional que conozca perfectamente su sector y se ahorrar\u00e1 tiempo y dinero a largo plazo.&#8221;][vc_empty_space height=&#8221;40px&#8221;][ct_button button_text=&#8221;Trabaje conmigo&#8221; button_link=&#8221;url:https%3A%2F%2Fvoyagetranslations.co.uk%2Fes%2Fcontacto%2F|title:Contact||&#8221; align_lg=&#8221;align-center&#8221; align_md=&#8221;align-center-md&#8221; align_sm=&#8221;align-center-sm&#8221; align_xs=&#8221;align-center-xs&#8221;][vc_empty_space height=&#8221;40px&#8221;][vc_column_text]Llevo traduciendo profesionalmente desde 2009 en una variedad de sectores. Me especializo en lo siguiente:[\/vc_column_text][\/vc_column][\/vc_row][vc_row][vc_column][vc_row_inner css=&#8221;.vc_custom_1567496677405{margin-top: [&hellip;]<\/p>\n","protected":false},"author":1,"featured_media":0,"parent":0,"menu_order":0,"comment_status":"closed","ping_status":"closed","template":"","meta":{"nf_dc_page":"","_vp_format_video_url":"","_vp_image_focal_point":[],"footnotes":""},"class_list":["post-952","page","type-page","status-publish","hentry"],"yoast_head":"<!-- This site is optimized with the Yoast SEO plugin v27.4 - https:\/\/yoast.com\/product\/yoast-seo-wordpress\/ -->\n<title>Sectores y experiencia - Stephanie Martinez-Hill<\/title>\n<meta name=\"robots\" content=\"index, follow, max-snippet:-1, max-image-preview:large, max-video-preview:-1\" \/>\n<link rel=\"canonical\" href=\"https:\/\/voyagetranslations.co.uk\/es\/sectores-y-experiencia\/\" \/>\n<meta property=\"og:locale\" content=\"es_ES\" \/>\n<meta property=\"og:type\" content=\"article\" \/>\n<meta property=\"og:title\" content=\"Sectores y experiencia - Stephanie Martinez-Hill\" \/>\n<meta property=\"og:description\" content=\"[vc_row css=&#8221;.vc_custom_1567534104908{padding-bottom: 30px !important;}&#8221;][vc_column][ct_heading text=&#8221;Sectores y experiencia&#8221; text_below=&#8221;Sectores&#8221; align_lg=&#8221;align-center&#8221; align_md=&#8221;align-center-md&#8221; align_sm=&#8221;align-center-sm&#8221; align_xs=&#8221;align-center-xs&#8221; font_weight=&#8221;&#8221; description=&#8221;Trabaje con un profesional que conozca perfectamente su sector y se ahorrar\u00e1 tiempo y dinero a largo plazo.&#8221;][vc_empty_space height=&#8221;40px&#8221;][ct_button button_text=&#8221;Trabaje conmigo&#8221; button_link=&#8221;url:https%3A%2F%2Fvoyagetranslations.co.uk%2Fes%2Fcontacto%2F|title:Contact||&#8221; align_lg=&#8221;align-center&#8221; align_md=&#8221;align-center-md&#8221; align_sm=&#8221;align-center-sm&#8221; align_xs=&#8221;align-center-xs&#8221;][vc_empty_space height=&#8221;40px&#8221;][vc_column_text]Llevo traduciendo profesionalmente desde 2009 en una variedad de sectores. Me especializo en lo siguiente:[\/vc_column_text][\/vc_column][\/vc_row][vc_row][vc_column][vc_row_inner css=&#8221;.vc_custom_1567496677405{margin-top: [&hellip;]\" \/>\n<meta property=\"og:url\" content=\"https:\/\/voyagetranslations.co.uk\/es\/sectores-y-experiencia\/\" \/>\n<meta property=\"og:site_name\" content=\"Stephanie Martinez-Hill\" \/>\n<meta property=\"article:modified_time\" content=\"2020-03-24T14:01:46+00:00\" \/>\n<meta name=\"twitter:card\" content=\"summary_large_image\" \/>\n<meta name=\"twitter:label1\" content=\"Tiempo de lectura\" \/>\n\t<meta name=\"twitter:data1\" content=\"7 minutos\" \/>\n<script type=\"application\/ld+json\" class=\"yoast-schema-graph\">{\"@context\":\"https:\\\/\\\/schema.org\",\"@graph\":[{\"@type\":\"WebPage\",\"@id\":\"https:\\\/\\\/voyagetranslations.co.uk\\\/es\\\/sectores-y-experiencia\\\/\",\"url\":\"https:\\\/\\\/voyagetranslations.co.uk\\\/es\\\/sectores-y-experiencia\\\/\",\"name\":\"Sectores y experiencia - Stephanie Martinez-Hill\",\"isPartOf\":{\"@id\":\"https:\\\/\\\/voyagetranslations.co.uk\\\/#website\"},\"datePublished\":\"2019-09-02T18:59:17+00:00\",\"dateModified\":\"2020-03-24T14:01:46+00:00\",\"breadcrumb\":{\"@id\":\"https:\\\/\\\/voyagetranslations.co.uk\\\/es\\\/sectores-y-experiencia\\\/#breadcrumb\"},\"inLanguage\":\"es\",\"potentialAction\":[{\"@type\":\"ReadAction\",\"target\":[\"https:\\\/\\\/voyagetranslations.co.uk\\\/es\\\/sectores-y-experiencia\\\/\"]}]},{\"@type\":\"BreadcrumbList\",\"@id\":\"https:\\\/\\\/voyagetranslations.co.uk\\\/es\\\/sectores-y-experiencia\\\/#breadcrumb\",\"itemListElement\":[{\"@type\":\"ListItem\",\"position\":1,\"name\":\"Home\",\"item\":\"https:\\\/\\\/voyagetranslations.co.uk\\\/es\\\/\"},{\"@type\":\"ListItem\",\"position\":2,\"name\":\"Sectores y experiencia\"}]},{\"@type\":\"WebSite\",\"@id\":\"https:\\\/\\\/voyagetranslations.co.uk\\\/#website\",\"url\":\"https:\\\/\\\/voyagetranslations.co.uk\\\/\",\"name\":\"Stephanie Martinez-Hill\",\"description\":\"Voyage Translations offers quality translations from French and Spanish into English\",\"potentialAction\":[{\"@type\":\"SearchAction\",\"target\":{\"@type\":\"EntryPoint\",\"urlTemplate\":\"https:\\\/\\\/voyagetranslations.co.uk\\\/?s={search_term_string}\"},\"query-input\":{\"@type\":\"PropertyValueSpecification\",\"valueRequired\":true,\"valueName\":\"search_term_string\"}}],\"inLanguage\":\"es\"}]}<\/script>\n<!-- \/ Yoast SEO plugin. -->","yoast_head_json":{"title":"Sectores y experiencia - Stephanie Martinez-Hill","robots":{"index":"index","follow":"follow","max-snippet":"max-snippet:-1","max-image-preview":"max-image-preview:large","max-video-preview":"max-video-preview:-1"},"canonical":"https:\/\/voyagetranslations.co.uk\/es\/sectores-y-experiencia\/","og_locale":"es_ES","og_type":"article","og_title":"Sectores y experiencia - Stephanie Martinez-Hill","og_description":"[vc_row css=&#8221;.vc_custom_1567534104908{padding-bottom: 30px !important;}&#8221;][vc_column][ct_heading text=&#8221;Sectores y experiencia&#8221; text_below=&#8221;Sectores&#8221; align_lg=&#8221;align-center&#8221; align_md=&#8221;align-center-md&#8221; align_sm=&#8221;align-center-sm&#8221; align_xs=&#8221;align-center-xs&#8221; font_weight=&#8221;&#8221; description=&#8221;Trabaje con un profesional que conozca perfectamente su sector y se ahorrar\u00e1 tiempo y dinero a largo plazo.&#8221;][vc_empty_space height=&#8221;40px&#8221;][ct_button button_text=&#8221;Trabaje conmigo&#8221; button_link=&#8221;url:https%3A%2F%2Fvoyagetranslations.co.uk%2Fes%2Fcontacto%2F|title:Contact||&#8221; align_lg=&#8221;align-center&#8221; align_md=&#8221;align-center-md&#8221; align_sm=&#8221;align-center-sm&#8221; align_xs=&#8221;align-center-xs&#8221;][vc_empty_space height=&#8221;40px&#8221;][vc_column_text]Llevo traduciendo profesionalmente desde 2009 en una variedad de sectores. Me especializo en lo siguiente:[\/vc_column_text][\/vc_column][\/vc_row][vc_row][vc_column][vc_row_inner css=&#8221;.vc_custom_1567496677405{margin-top: [&hellip;]","og_url":"https:\/\/voyagetranslations.co.uk\/es\/sectores-y-experiencia\/","og_site_name":"Stephanie Martinez-Hill","article_modified_time":"2020-03-24T14:01:46+00:00","twitter_card":"summary_large_image","twitter_misc":{"Tiempo de lectura":"7 minutos"},"schema":{"@context":"https:\/\/schema.org","@graph":[{"@type":"WebPage","@id":"https:\/\/voyagetranslations.co.uk\/es\/sectores-y-experiencia\/","url":"https:\/\/voyagetranslations.co.uk\/es\/sectores-y-experiencia\/","name":"Sectores y experiencia - Stephanie Martinez-Hill","isPartOf":{"@id":"https:\/\/voyagetranslations.co.uk\/#website"},"datePublished":"2019-09-02T18:59:17+00:00","dateModified":"2020-03-24T14:01:46+00:00","breadcrumb":{"@id":"https:\/\/voyagetranslations.co.uk\/es\/sectores-y-experiencia\/#breadcrumb"},"inLanguage":"es","potentialAction":[{"@type":"ReadAction","target":["https:\/\/voyagetranslations.co.uk\/es\/sectores-y-experiencia\/"]}]},{"@type":"BreadcrumbList","@id":"https:\/\/voyagetranslations.co.uk\/es\/sectores-y-experiencia\/#breadcrumb","itemListElement":[{"@type":"ListItem","position":1,"name":"Home","item":"https:\/\/voyagetranslations.co.uk\/es\/"},{"@type":"ListItem","position":2,"name":"Sectores y experiencia"}]},{"@type":"WebSite","@id":"https:\/\/voyagetranslations.co.uk\/#website","url":"https:\/\/voyagetranslations.co.uk\/","name":"Stephanie Martinez-Hill","description":"Voyage Translations offers quality translations from French and Spanish into English","potentialAction":[{"@type":"SearchAction","target":{"@type":"EntryPoint","urlTemplate":"https:\/\/voyagetranslations.co.uk\/?s={search_term_string}"},"query-input":{"@type":"PropertyValueSpecification","valueRequired":true,"valueName":"search_term_string"}}],"inLanguage":"es"}]}},"_links":{"self":[{"href":"https:\/\/voyagetranslations.co.uk\/es\/wp-json\/wp\/v2\/pages\/952","targetHints":{"allow":["GET"]}}],"collection":[{"href":"https:\/\/voyagetranslations.co.uk\/es\/wp-json\/wp\/v2\/pages"}],"about":[{"href":"https:\/\/voyagetranslations.co.uk\/es\/wp-json\/wp\/v2\/types\/page"}],"author":[{"embeddable":true,"href":"https:\/\/voyagetranslations.co.uk\/es\/wp-json\/wp\/v2\/users\/1"}],"replies":[{"embeddable":true,"href":"https:\/\/voyagetranslations.co.uk\/es\/wp-json\/wp\/v2\/comments?post=952"}],"version-history":[{"count":6,"href":"https:\/\/voyagetranslations.co.uk\/es\/wp-json\/wp\/v2\/pages\/952\/revisions"}],"predecessor-version":[{"id":1311,"href":"https:\/\/voyagetranslations.co.uk\/es\/wp-json\/wp\/v2\/pages\/952\/revisions\/1311"}],"wp:attachment":[{"href":"https:\/\/voyagetranslations.co.uk\/es\/wp-json\/wp\/v2\/media?parent=952"}],"curies":[{"name":"wp","href":"https:\/\/api.w.org\/{rel}","templated":true}]}}