{"id":949,"date":"2019-09-02T18:58:50","date_gmt":"2019-09-02T18:58:50","guid":{"rendered":"https:\/\/voyagetranslations.co.uk\/services\/"},"modified":"2019-10-03T09:18:14","modified_gmt":"2019-10-03T09:18:14","slug":"servicios","status":"publish","type":"page","link":"https:\/\/voyagetranslations.co.uk\/es\/servicios\/","title":{"rendered":"Servicios"},"content":{"rendered":"<div class=\"wpb-content-wrapper\"><p>[vc_row][vc_column][ct_heading text=&#8221;Ayudo a empresas, agencias y particulares a lograr sus <cite>objetivos<\/cite>&#8221; text_below=&#8221;Servicios&#8221; align_lg=&#8221;align-center&#8221; align_md=&#8221;align-center-md&#8221; align_sm=&#8221;align-center-sm&#8221; align_xs=&#8221;align-center-xs&#8221; font_weight=&#8221;&#8221; description=&#8221;Servicios expertos de franc\u00e9s y espa\u00f1ol a ingl\u00e9s&#8221;][vc_empty_space height=&#8221;40px&#8221;][ct_button button_text=&#8221;\u00danase a mis clientes satisfechos&#8221; button_link=&#8221;url:https%3A%2F%2Fvoyagetranslations.co.uk%2Fes%2Fcontacto%2F|title:Contact||&#8221; align_lg=&#8221;align-center&#8221; align_md=&#8221;align-center-md&#8221; align_sm=&#8221;align-center-sm&#8221; align_xs=&#8221;align-center-xs&#8221;][\/vc_column][\/vc_row][vc_row css=&#8221;.vc_custom_1570094292961{margin-top: 40px !important;border-bottom-width: 40px !important;}&#8221; el_class=&#8221;services-box-es&#8221;][vc_column width=&#8221;1\/2&#8243;][ct_fancybox box_image=&#8221;734&#8243; icon_list=&#8221;etline&#8221; title=&#8221;Traducci\u00f3n&#8221; description=&#8221;Si desea ampliar su alcance mundial y atraer a clientes internacionales, es fundamental que se comunique con su p\u00fablico en su propio idioma. Una buena traducci\u00f3n debe dar la sensaci\u00f3n de tratarse de un texto escrito directamente en el idioma de destino. Cuento con la experiencia necesaria para proporcionar traducciones precisas, fieles y naturales de franc\u00e9s o espa\u00f1ol a ingl\u00e9s.&#8221; animation=&#8221;fadeInLeft&#8221; icon_etline=&#8221;et-documents&#8221;][vc_empty_space height=&#8221;40px&#8221;][ct_fancybox box_image=&#8221;718&#8243; icon_list=&#8221;etline&#8221; title=&#8221;Revisi\u00f3n&#8221; description=&#8221;Es posible que tenga un documento que ya haya sido traducido, pero que se haya actualizado. En lugar de traducir todo el texto de nuevo, puedo comparar la traducci\u00f3n original con el texto de origen actualizado y realizar los cambios pertinentes en la traducci\u00f3n, de acuerdo con el estilo que desee. Realizo este servicio con frecuencia con textos farmac\u00e9uticos.&#8221; animation=&#8221;fadeInLeft&#8221; icon_etline=&#8221;et-search&#8221; el_class=&#8221;box-short&#8221;][vc_empty_space height=&#8221;40px&#8221;][\/vc_column][vc_column width=&#8221;1\/2&#8243;][ct_fancybox box_image=&#8221;738&#8243; icon_list=&#8221;etline&#8221; title=&#8221;Correcci\u00f3n&#8221; description=&#8221;Sus documentos son importantes y tiene una reputaci\u00f3n que mantener. Los errores y descuidos pueden decepcionar a los clientes en un instante. Si tiene un documento ya traducido y necesita comprobarlo de nuevo para garantizar su precisi\u00f3n y que est\u00e1 libre de errores tipogr\u00e1ficos antes de publicarlo, ofrezco un servicio de correcci\u00f3n exhaustivo para detectar cualquier error y corregir cualquier expresi\u00f3n que no suene bien con el fin de garantizar que resulte atractivo a sus clientes.&#8221; animation=&#8221;fadeInRight&#8221; icon_etline=&#8221;et-pencil&#8221;][vc_empty_space height=&#8221;40px&#8221;][ct_fancybox box_image=&#8221;705&#8243; icon_list=&#8221;flaticon&#8221; title=&#8221;Traducci\u00f3n con certificaci\u00f3n del ITI&#8221; description=&#8221;\u00bfSe ha mudado al Reino Unido y necesita traducir sus titulaciones acad\u00e9micas, su partida de nacimiento o su acta de matrimonio? \u00bfSu trabajo le exige que obtenga un certificado de antecedentes penales traducido? En ese caso, puedo proporcionarle traducciones certificadas con el sello del ITI y una declaraci\u00f3n firmada para acelerar los tr\u00e1mites administrativos. Proporciono este servicio para traducciones de espa\u00f1ol a ingl\u00e9s.&#8221; icon_flaticon=&#8221;flaticon-layers&#8221; animation=&#8221;fadeInRight&#8221;][\/vc_column][\/vc_row][vc_row full_width=&#8221;stretch_row&#8221; css=&#8221;.vc_custom_1567492074857{padding-top: 60px !important;padding-bottom: 60px !important;background-color: #0099c0 !important;}&#8221; el_class=&#8221;bg-gradient&#8221;][vc_column width=&#8221;2\/3&#8243;][ct_heading text=&#8221;Descubra c\u00f3mo mis servicios pueden ayudarle&#8221; text_below=&#8221;Contacte&#8221; font_weight=&#8221;&#8221; text_color=&#8221;#ffffff&#8221;][\/vc_column][vc_column width=&#8221;1\/3&#8243;][ct_button button_text=&#8221;Contacte conmigo&#8221; button_link=&#8221;url:https%3A%2F%2Fvoyagetranslations.co.uk%2Fes%2Fcontacto%2F|title:Contact||&#8221; button_style=&#8221;btn-secondary&#8221; align_lg=&#8221;align-center&#8221; align_md=&#8221;align-center-md&#8221; align_sm=&#8221;align-center-sm&#8221; align_xs=&#8221;align-center-xs&#8221;][\/vc_column][\/vc_row]<\/p>\n<\/div>","protected":false},"excerpt":{"rendered":"<p>[vc_row][vc_column][ct_heading text=&#8221;Ayudo a empresas, agencias y particulares a lograr sus objetivos&#8221; text_below=&#8221;Servicios&#8221; align_lg=&#8221;align-center&#8221; align_md=&#8221;align-center-md&#8221; align_sm=&#8221;align-center-sm&#8221; align_xs=&#8221;align-center-xs&#8221; font_weight=&#8221;&#8221; description=&#8221;Servicios expertos de franc\u00e9s y espa\u00f1ol a ingl\u00e9s&#8221;][vc_empty_space height=&#8221;40px&#8221;][ct_button button_text=&#8221;\u00danase a mis clientes satisfechos&#8221; button_link=&#8221;url:https%3A%2F%2Fvoyagetranslations.co.uk%2Fes%2Fcontacto%2F|title:Contact||&#8221; align_lg=&#8221;align-center&#8221; align_md=&#8221;align-center-md&#8221; align_sm=&#8221;align-center-sm&#8221; align_xs=&#8221;align-center-xs&#8221;][\/vc_column][\/vc_row][vc_row css=&#8221;.vc_custom_1570094292961{margin-top: 40px !important;border-bottom-width: 40px !important;}&#8221; el_class=&#8221;services-box-es&#8221;][vc_column width=&#8221;1\/2&#8243;][ct_fancybox box_image=&#8221;734&#8243; icon_list=&#8221;etline&#8221; title=&#8221;Traducci\u00f3n&#8221; description=&#8221;Si desea ampliar su alcance mundial y atraer a [&hellip;]<\/p>\n","protected":false},"author":1,"featured_media":0,"parent":0,"menu_order":0,"comment_status":"closed","ping_status":"closed","template":"","meta":{"nf_dc_page":"","_vp_format_video_url":"","_vp_image_focal_point":[],"footnotes":""},"class_list":["post-949","page","type-page","status-publish","hentry"],"yoast_head":"<!-- This site is optimized with the Yoast SEO plugin v27.4 - https:\/\/yoast.com\/product\/yoast-seo-wordpress\/ -->\n<title>Servicios - Stephanie Martinez-Hill<\/title>\n<meta name=\"robots\" content=\"index, follow, max-snippet:-1, max-image-preview:large, max-video-preview:-1\" \/>\n<link rel=\"canonical\" href=\"https:\/\/voyagetranslations.co.uk\/es\/servicios\/\" \/>\n<meta property=\"og:locale\" content=\"es_ES\" \/>\n<meta property=\"og:type\" content=\"article\" \/>\n<meta property=\"og:title\" content=\"Servicios - Stephanie Martinez-Hill\" \/>\n<meta property=\"og:description\" content=\"[vc_row][vc_column][ct_heading text=&#8221;Ayudo a empresas, agencias y particulares a lograr sus objetivos&#8221; text_below=&#8221;Servicios&#8221; align_lg=&#8221;align-center&#8221; align_md=&#8221;align-center-md&#8221; align_sm=&#8221;align-center-sm&#8221; align_xs=&#8221;align-center-xs&#8221; font_weight=&#8221;&#8221; description=&#8221;Servicios expertos de franc\u00e9s y espa\u00f1ol a ingl\u00e9s&#8221;][vc_empty_space height=&#8221;40px&#8221;][ct_button button_text=&#8221;\u00danase a mis clientes satisfechos&#8221; button_link=&#8221;url:https%3A%2F%2Fvoyagetranslations.co.uk%2Fes%2Fcontacto%2F|title:Contact||&#8221; align_lg=&#8221;align-center&#8221; align_md=&#8221;align-center-md&#8221; align_sm=&#8221;align-center-sm&#8221; align_xs=&#8221;align-center-xs&#8221;][\/vc_column][\/vc_row][vc_row css=&#8221;.vc_custom_1570094292961{margin-top: 40px !important;border-bottom-width: 40px !important;}&#8221; el_class=&#8221;services-box-es&#8221;][vc_column width=&#8221;1\/2&#8243;][ct_fancybox box_image=&#8221;734&#8243; icon_list=&#8221;etline&#8221; title=&#8221;Traducci\u00f3n&#8221; description=&#8221;Si desea ampliar su alcance mundial y atraer a [&hellip;]\" \/>\n<meta property=\"og:url\" content=\"https:\/\/voyagetranslations.co.uk\/es\/servicios\/\" \/>\n<meta property=\"og:site_name\" content=\"Stephanie Martinez-Hill\" \/>\n<meta property=\"article:modified_time\" content=\"2019-10-03T09:18:14+00:00\" \/>\n<meta name=\"twitter:card\" content=\"summary_large_image\" \/>\n<meta name=\"twitter:label1\" content=\"Tiempo de lectura\" \/>\n\t<meta name=\"twitter:data1\" content=\"3 minutos\" \/>\n<script type=\"application\/ld+json\" class=\"yoast-schema-graph\">{\"@context\":\"https:\\\/\\\/schema.org\",\"@graph\":[{\"@type\":\"WebPage\",\"@id\":\"https:\\\/\\\/voyagetranslations.co.uk\\\/es\\\/servicios\\\/\",\"url\":\"https:\\\/\\\/voyagetranslations.co.uk\\\/es\\\/servicios\\\/\",\"name\":\"Servicios - Stephanie Martinez-Hill\",\"isPartOf\":{\"@id\":\"https:\\\/\\\/voyagetranslations.co.uk\\\/#website\"},\"datePublished\":\"2019-09-02T18:58:50+00:00\",\"dateModified\":\"2019-10-03T09:18:14+00:00\",\"breadcrumb\":{\"@id\":\"https:\\\/\\\/voyagetranslations.co.uk\\\/es\\\/servicios\\\/#breadcrumb\"},\"inLanguage\":\"es\",\"potentialAction\":[{\"@type\":\"ReadAction\",\"target\":[\"https:\\\/\\\/voyagetranslations.co.uk\\\/es\\\/servicios\\\/\"]}]},{\"@type\":\"BreadcrumbList\",\"@id\":\"https:\\\/\\\/voyagetranslations.co.uk\\\/es\\\/servicios\\\/#breadcrumb\",\"itemListElement\":[{\"@type\":\"ListItem\",\"position\":1,\"name\":\"Home\",\"item\":\"https:\\\/\\\/voyagetranslations.co.uk\\\/es\\\/\"},{\"@type\":\"ListItem\",\"position\":2,\"name\":\"Servicios\"}]},{\"@type\":\"WebSite\",\"@id\":\"https:\\\/\\\/voyagetranslations.co.uk\\\/#website\",\"url\":\"https:\\\/\\\/voyagetranslations.co.uk\\\/\",\"name\":\"Stephanie Martinez-Hill\",\"description\":\"Voyage Translations offers quality translations from French and Spanish into English\",\"potentialAction\":[{\"@type\":\"SearchAction\",\"target\":{\"@type\":\"EntryPoint\",\"urlTemplate\":\"https:\\\/\\\/voyagetranslations.co.uk\\\/?s={search_term_string}\"},\"query-input\":{\"@type\":\"PropertyValueSpecification\",\"valueRequired\":true,\"valueName\":\"search_term_string\"}}],\"inLanguage\":\"es\"}]}<\/script>\n<!-- \/ Yoast SEO plugin. -->","yoast_head_json":{"title":"Servicios - Stephanie Martinez-Hill","robots":{"index":"index","follow":"follow","max-snippet":"max-snippet:-1","max-image-preview":"max-image-preview:large","max-video-preview":"max-video-preview:-1"},"canonical":"https:\/\/voyagetranslations.co.uk\/es\/servicios\/","og_locale":"es_ES","og_type":"article","og_title":"Servicios - Stephanie Martinez-Hill","og_description":"[vc_row][vc_column][ct_heading text=&#8221;Ayudo a empresas, agencias y particulares a lograr sus objetivos&#8221; text_below=&#8221;Servicios&#8221; align_lg=&#8221;align-center&#8221; align_md=&#8221;align-center-md&#8221; align_sm=&#8221;align-center-sm&#8221; align_xs=&#8221;align-center-xs&#8221; font_weight=&#8221;&#8221; description=&#8221;Servicios expertos de franc\u00e9s y espa\u00f1ol a ingl\u00e9s&#8221;][vc_empty_space height=&#8221;40px&#8221;][ct_button button_text=&#8221;\u00danase a mis clientes satisfechos&#8221; button_link=&#8221;url:https%3A%2F%2Fvoyagetranslations.co.uk%2Fes%2Fcontacto%2F|title:Contact||&#8221; align_lg=&#8221;align-center&#8221; align_md=&#8221;align-center-md&#8221; align_sm=&#8221;align-center-sm&#8221; align_xs=&#8221;align-center-xs&#8221;][\/vc_column][\/vc_row][vc_row css=&#8221;.vc_custom_1570094292961{margin-top: 40px !important;border-bottom-width: 40px !important;}&#8221; el_class=&#8221;services-box-es&#8221;][vc_column width=&#8221;1\/2&#8243;][ct_fancybox box_image=&#8221;734&#8243; icon_list=&#8221;etline&#8221; title=&#8221;Traducci\u00f3n&#8221; description=&#8221;Si desea ampliar su alcance mundial y atraer a [&hellip;]","og_url":"https:\/\/voyagetranslations.co.uk\/es\/servicios\/","og_site_name":"Stephanie Martinez-Hill","article_modified_time":"2019-10-03T09:18:14+00:00","twitter_card":"summary_large_image","twitter_misc":{"Tiempo de lectura":"3 minutos"},"schema":{"@context":"https:\/\/schema.org","@graph":[{"@type":"WebPage","@id":"https:\/\/voyagetranslations.co.uk\/es\/servicios\/","url":"https:\/\/voyagetranslations.co.uk\/es\/servicios\/","name":"Servicios - Stephanie Martinez-Hill","isPartOf":{"@id":"https:\/\/voyagetranslations.co.uk\/#website"},"datePublished":"2019-09-02T18:58:50+00:00","dateModified":"2019-10-03T09:18:14+00:00","breadcrumb":{"@id":"https:\/\/voyagetranslations.co.uk\/es\/servicios\/#breadcrumb"},"inLanguage":"es","potentialAction":[{"@type":"ReadAction","target":["https:\/\/voyagetranslations.co.uk\/es\/servicios\/"]}]},{"@type":"BreadcrumbList","@id":"https:\/\/voyagetranslations.co.uk\/es\/servicios\/#breadcrumb","itemListElement":[{"@type":"ListItem","position":1,"name":"Home","item":"https:\/\/voyagetranslations.co.uk\/es\/"},{"@type":"ListItem","position":2,"name":"Servicios"}]},{"@type":"WebSite","@id":"https:\/\/voyagetranslations.co.uk\/#website","url":"https:\/\/voyagetranslations.co.uk\/","name":"Stephanie Martinez-Hill","description":"Voyage Translations offers quality translations from French and Spanish into English","potentialAction":[{"@type":"SearchAction","target":{"@type":"EntryPoint","urlTemplate":"https:\/\/voyagetranslations.co.uk\/?s={search_term_string}"},"query-input":{"@type":"PropertyValueSpecification","valueRequired":true,"valueName":"search_term_string"}}],"inLanguage":"es"}]}},"_links":{"self":[{"href":"https:\/\/voyagetranslations.co.uk\/es\/wp-json\/wp\/v2\/pages\/949","targetHints":{"allow":["GET"]}}],"collection":[{"href":"https:\/\/voyagetranslations.co.uk\/es\/wp-json\/wp\/v2\/pages"}],"about":[{"href":"https:\/\/voyagetranslations.co.uk\/es\/wp-json\/wp\/v2\/types\/page"}],"author":[{"embeddable":true,"href":"https:\/\/voyagetranslations.co.uk\/es\/wp-json\/wp\/v2\/users\/1"}],"replies":[{"embeddable":true,"href":"https:\/\/voyagetranslations.co.uk\/es\/wp-json\/wp\/v2\/comments?post=949"}],"version-history":[{"count":4,"href":"https:\/\/voyagetranslations.co.uk\/es\/wp-json\/wp\/v2\/pages\/949\/revisions"}],"predecessor-version":[{"id":1202,"href":"https:\/\/voyagetranslations.co.uk\/es\/wp-json\/wp\/v2\/pages\/949\/revisions\/1202"}],"wp:attachment":[{"href":"https:\/\/voyagetranslations.co.uk\/es\/wp-json\/wp\/v2\/media?parent=949"}],"curies":[{"name":"wp","href":"https:\/\/api.w.org\/{rel}","templated":true}]}}